{"id":4610,"date":"2017-08-02T13:48:33","date_gmt":"2017-08-02T10:48:33","guid":{"rendered":"http:\/\/nwrmp-1.kg\/?page_id=4610"},"modified":"2018-02-24T20:10:44","modified_gmt":"2018-02-24T17:10:44","slug":"%d0%bc%d0%b0%d1%82%d0%b5%d1%80%d0%b8%d0%b0%d0%bb%d1%8b-%d0%bb%d0%b5%d1%82%d0%bd%d0%b5%d0%b9-%d1%88%d0%ba%d0%be%d0%bb%d1%8b-%d0%b2%d0%b5%d0%bd%d0%b3%d1%80%d0%b8%d1%8f-2017","status":"publish","type":"page","link":"https:\/\/nwrmp.water.gov.kg\/?page_id=4610&lang=ru_RU","title":{"rendered":"\u0413\u0435\u043e\u043f\u0440\u043e\u0441\u0442\u0440\u0430\u043d\u0441\u0442\u0432\u0435\u043d\u043d\u044b\u0435 \u0442\u0435\u0445\u043d\u043e\u043b\u043e\u0433\u0438\u0438 \u0434\u043b\u044f \u0443\u0441\u0442\u043e\u0439\u0447\u0438\u0432\u043e\u0433\u043e \u0443\u043f\u0440\u0430\u0432\u043b\u0435\u043d\u0438\u044f \u0432\u043e\u0434\u043d\u044b\u043c\u0438 \u0440\u0435\u0441\u0443\u0440\u0441\u0430\u043c\u0438"},"content":{"rendered":"<div class=\"su-spoiler su-spoiler-style-fancy su-spoiler-icon-arrow-circle-2 su-spoiler-closed\" data-scroll-offset=\"0\" data-anchor-in-url=\"no\"><div class=\"su-spoiler-title\" tabindex=\"0\" role=\"button\"><span class=\"su-spoiler-icon\"><\/span>3 \u0438\u044e\u043b\u044f 2016 \u0433\u043e\u0434\u0430 (\u043d\u0430 \u0430\u043d\u0433\u043b\u0438\u0439\u0441\u043a\u043e\u043c \u044f\u0437\u044b\u043a\u0435)<\/div><div class=\"su-spoiler-content su-u-clearfix su-u-trim\">\n<ol>\n<li><a href=\"http:\/\/nwrmp.water.gov.kg\/wp-content\/uploads\/2017\/08\/Cripe_20170630_CEU_Water.pdf\" target=\"_blank\" rel=\"noopener noreferrer\">Earth Observations for Sustainable Water Management | Douglas CripeGEO Secretariat<\/a><\/li>\n<li><a href=\"http:\/\/nwrmp.water.gov.kg\/wp-content\/uploads\/2017\/08\/OOSA-intro_UNISPACE50.pdf\" target=\"_blank\" rel=\"noopener noreferrer\">UNOOSA, Space Technologies and Sustainable Development |Central European University<\/a><\/li>\n<li><a href=\"http:\/\/nwrmp.water.gov.kg\/wp-content\/uploads\/2017\/08\/UN-SPIDER.pdf\" target=\"_blank\" rel=\"noopener noreferrer\">Space-based technologies in support of disaster management:UN-SPIDER | Lorant Czaran United Nations Office for Outer Space Affairs United Nations Offices at Vienna<\/a><\/li>\n<li><a href=\"http:\/\/nwrmp.water.gov.kg\/wp-content\/uploads\/2017\/08\/Viktor-Lagutov-CEU-Need-for-Improved-Data-Driven-Decision-Making-in-Water-Management.pdf target=\" rel=\"noopener noreferrer\">NEED FOR IMPROVED DATA-DRIVEN DECISION-MAKING IN WATER MANAGEMENT| Viktor Lagutov <\/a><\/li>\n<li><a href=\"http:\/\/nwrmp.water.gov.kg\/wp-content\/uploads\/2017\/08\/White-Paper-Geospatial-and-Sustainable-Development.pdf target=\" rel=\"noopener noreferrer\">GEOSPATIAL INFORMATION \u2013 KEY TO ACHIEVING THE 2030 AGENDA FOR SUSTAINABLE DEVELOPMENT<\/a><\/li>\n<\/ol>\n<\/div><\/div> <div class=\"su-spoiler su-spoiler-style-fancy su-spoiler-icon-arrow-circle-2 su-spoiler-closed\" data-scroll-offset=\"0\" data-anchor-in-url=\"no\"><div class=\"su-spoiler-title\" tabindex=\"0\" role=\"button\"><span class=\"su-spoiler-icon\"><\/span>4 \u0438\u044e\u043b\u044f 2016 \u0433\u043e\u0434\u0430 (\u043d\u0430 \u0430\u043d\u0433\u043b\u0438\u0439\u0441\u043a\u043e\u043c \u044f\u0437\u044b\u043a\u0435)<\/div><div class=\"su-spoiler-content su-u-clearfix su-u-trim\">\n<ol>\n<li><a href=\"http:\/\/nwrmp.water.gov.kg\/wp-content\/uploads\/2017\/08\/Introduction-to-M.App-Studio.pdf\" target=\"_blank\" rel=\"noopener noreferrer\">Introduction to M.App Studio<\/a><\/li>\n<li><a href=\"http:\/\/nwrmp.water.gov.kg\/wp-content\/uploads\/2017\/08\/Water-Management-with-New-Tools-in-Geospatial-Technologies_Hexagon_RNagy....pdf\" target=\"_blank\" rel=\"noopener noreferrer\">Water Management with New Tools in Geospatial Technologies | Robert H.Nagy<\/a><\/li>\n<\/ol>\n<\/div><\/div> <div class=\"su-spoiler su-spoiler-style-fancy su-spoiler-icon-arrow-circle-2 su-spoiler-closed\" data-scroll-offset=\"0\" data-anchor-in-url=\"no\"><div class=\"su-spoiler-title\" tabindex=\"0\" role=\"button\"><span class=\"su-spoiler-icon\"><\/span>5 \u0438\u044e\u043b\u044f 2016 \u0433\u043e\u0434\u0430 (\u043d\u0430 \u0430\u043d\u0433\u043b\u0438\u0439\u0441\u043a\u043e\u043c \u044f\u0437\u044b\u043a\u0435)<\/div><div class=\"su-spoiler-content su-u-clearfix su-u-trim\">\n<ol>\n<li><a href=\"http:\/\/nwrmp.water.gov.kg\/wp-content\/uploads\/2017\/08\/Alan-Belward-DG-JRC-Italy-Mapping-the-world\u2019s-most-precious-resource.pdf\" target=\"_blank\" rel=\"noopener noreferrer\">Mapping the world\u2019s most precious resource | Alan Belward (DG JRC, Italy)<\/a><\/li>\n<li><a href=\"http:\/\/nwrmp.water.gov.kg\/wp-content\/uploads\/2017\/08\/Andr\u00e1s-Sz\u00f6ll\u0151si-Nagy-UNESCO-\u2013-The-role-of-real-time-forecasting-models-in-mitigating-the-impacts-of-flooding.pdf\" target=\"_blank\" rel=\"noopener noreferrer\">The role of real-time forecasting models in mitigating the impacts of flooding Andr\u00e1s | Andr\u00e1s SZ\u00d6LL\u00d6SI-NAGY<\/a><\/li>\n<li><a href=\"http:\/\/nwrmp.water.gov.kg\/wp-content\/uploads\/2017\/08\/Dezso-Mikus-Envirosense-Hungary-\u2013-Application-of-aerial-remote-sensing-technologies-in-sustainable-water-management.pdf\" target=\"_blank\" rel=\"noopener noreferrer\">Application of aerial remote sensing technologies in sustainable water management | Dezso Mikus (Envirosense Hungary)<\/a><\/li>\n<li><a href=\"http:\/\/nwrmp.water.gov.kg\/wp-content\/uploads\/2017\/08\/Ed-Parsons-Google-UK-Here-come-the-machines.pdf\" target=\"_blank\" rel=\"noopener noreferrer\">Here come the machines. can robots read maps? | Ed Parsons (Google, UK)<\/a><\/li>\n<\/ol>\n<\/div><\/div> <div class=\"su-spoiler su-spoiler-style-fancy su-spoiler-icon-arrow-circle-2 su-spoiler-closed\" data-scroll-offset=\"0\" data-anchor-in-url=\"no\"><div class=\"su-spoiler-title\" tabindex=\"0\" role=\"button\"><span class=\"su-spoiler-icon\"><\/span>6 \u0438\u044e\u043b\u044f 2016 \u0433\u043e\u0434\u0430 (\u043d\u0430 \u0430\u043d\u0433\u043b\u0438\u0439\u0441\u043a\u043e\u043c \u044f\u0437\u044b\u043a\u0435)<\/div><div class=\"su-spoiler-content su-u-clearfix su-u-trim\">\n<ol>\n<li><a href=\"http:\/\/nwrmp.water.gov.kg\/wp-content\/uploads\/2017\/08\/1-Introduction-1.pdf\" target=\"_blank\" rel=\"noopener noreferrer\">An introduction to remote sensing of the environment | Dr. Alan Belward &#8211; Knowledge Management Unit Sustainable Resources Directorate<\/a><\/li>\n<li><a href=\"http:\/\/nwrmp.water.gov.kg\/wp-content\/uploads\/2017\/08\/2-Physics-1.pdf\" target=\"_blank\" rel=\"noopener noreferrer\">Remote sensing; the Physical basis | Dr. Alan Belward &#8211; Knowledge Management Unit Sustainable Resources Directorate<\/a><\/li>\n<li><a href=\"http:\/\/nwrmp.water.gov.kg\/wp-content\/uploads\/2017\/08\/3-Fundamentals-1.pdf\" target=\"_blank\" rel=\"noopener noreferrer\">Spectral reflectance characteristics (Plants, Soil, Water) | Dr. Alan Belward &#8211; Knowledge Management Unit Sustainable Resources Directorate<\/a><\/li>\n<li><a href=\"http:\/\/nwrmp.water.gov.kg\/wp-content\/uploads\/2017\/08\/4-Platforms-and-systems-1.pdf\" target=\"_blank\" rel=\"noopener noreferrer\">Platforms and systems | Dr. Alan Belward &#8211; Knowledge Management Unit Sustainable Resources Directorate<\/a><\/li>\n<li><a href=\"http:\/\/nwrmp.water.gov.kg\/wp-content\/uploads\/2017\/08\/Elizaveta-Khazieva-Roscartographia-\u2013-Geospatial-Technologies-in-sustainable-water-management-in-agriculture.pdf\" target=\"_blank\" rel=\"noopener noreferrer\">GEOSPATIAL TECHNOLOGIES IN SUSTAINABLE WATER MANAGEMENT IN AGRICULTURE | Elizaveta Khazieva<\/a><\/li>\n<li><a href=\"http:\/\/nwrmp.water.gov.kg\/wp-content\/uploads\/2017\/08\/Lagutov-Fish-is-mute.pdf\" target=\"_blank\" rel=\"noopener noreferrer\">Fish is mute | Viktor Lagutov<\/a><\/li>\n<\/ol>\n<\/div><\/div>\n<div class=\"su-spoiler su-spoiler-style-fancy su-spoiler-icon-arrow-circle-2 su-spoiler-closed\" data-scroll-offset=\"0\" data-anchor-in-url=\"no\"><div class=\"su-spoiler-title\" tabindex=\"0\" role=\"button\"><span class=\"su-spoiler-icon\"><\/span>7 \u0438\u044e\u043b\u044f 2016 \u0433\u043e\u0434\u0430 (\u043d\u0430 \u0430\u043d\u0433\u043b\u0438\u0439\u0441\u043a\u043e\u043c \u044f\u0437\u044b\u043a\u0435)<\/div><div class=\"su-spoiler-content su-u-clearfix su-u-trim\">\n<ol>\n<li><a href=\"http:\/\/nwrmp.water.gov.kg\/wp-content\/uploads\/2017\/08\/Anupam-Anand-GEF-\u2013-Geospatial-Technologies-in-Global-Environment-Facility-projects.pdf\" target=\"_blank\" rel=\"noopener noreferrer\">Geospatial Technologies in Global Environment Facility projects | Anupam Anand (GEF)<\/a><\/li>\n<\/ol>\n<\/div><\/div>\n","protected":false},"excerpt":{"rendered":"","protected":false},"author":1,"featured_media":0,"parent":0,"menu_order":0,"comment_status":"closed","ping_status":"closed","template":"","meta":[],"_links":{"self":[{"href":"https:\/\/nwrmp.water.gov.kg?lang=ru_RU%2Findex.php&rest_route=\/wp\/v2\/pages\/4610"}],"collection":[{"href":"https:\/\/nwrmp.water.gov.kg?lang=ru_RU%2Findex.php&rest_route=\/wp\/v2\/pages"}],"about":[{"href":"https:\/\/nwrmp.water.gov.kg?lang=ru_RU%2Findex.php&rest_route=\/wp\/v2\/types\/page"}],"author":[{"embeddable":true,"href":"https:\/\/nwrmp.water.gov.kg?lang=ru_RU%2Findex.php&rest_route=\/wp\/v2\/users\/1"}],"replies":[{"embeddable":true,"href":"https:\/\/nwrmp.water.gov.kg?lang=ru_RU%2Findex.php&rest_route=%2Fwp%2Fv2%2Fcomments&post=4610"}],"version-history":[{"count":15,"href":"https:\/\/nwrmp.water.gov.kg?lang=ru_RU%2Findex.php&rest_route=\/wp\/v2\/pages\/4610\/revisions"}],"predecessor-version":[{"id":6176,"href":"https:\/\/nwrmp.water.gov.kg?lang=ru_RU%2Findex.php&rest_route=\/wp\/v2\/pages\/4610\/revisions\/6176"}],"wp:attachment":[{"href":"https:\/\/nwrmp.water.gov.kg?lang=ru_RU%2Findex.php&rest_route=%2Fwp%2Fv2%2Fmedia&parent=4610"}],"curies":[{"name":"wp","href":"https:\/\/api.w.org\/{rel}","templated":true}]}}