{"id":4538,"date":"2017-08-02T12:01:31","date_gmt":"2017-08-02T09:01:31","guid":{"rendered":"http:\/\/nwrmp-1.kg\/?page_id=4538"},"modified":"2018-02-16T08:10:46","modified_gmt":"2018-02-16T05:10:46","slug":"%d0%bc%d0%b0%d1%82%d0%b5%d1%80%d0%b8%d0%b0%d0%bb%d1%8b-%d0%bb%d0%b5%d1%82%d0%bd%d0%b5%d0%b9-%d1%88%d0%ba%d0%be%d0%bb%d1%8b-%d0%b2%d0%b5%d0%bd%d0%b3%d1%80%d0%b8%d1%8f-2016-%d0%b3","status":"publish","type":"page","link":"https:\/\/nwrmp.water.gov.kg\/?page_id=4538&lang=ru_RU","title":{"rendered":"\u0413\u0418\u0421 \u0438 \u0434\u0438\u0441\u0442\u0430\u043d\u0446\u0438\u043e\u043d\u043d\u043e\u0435 \u0437\u043e\u043d\u0434\u0438\u0440\u043e\u0432\u0430\u043d\u0438\u0435"},"content":{"rendered":"<div class=\"su-spoiler su-spoiler-style-fancy su-spoiler-icon-arrow-circle-2 su-spoiler-closed\" data-scroll-offset=\"0\" data-anchor-in-url=\"no\"><div class=\"su-spoiler-title\" tabindex=\"0\" role=\"button\"><span class=\"su-spoiler-icon\"><\/span>4 \u0438\u044e\u043b\u044f 2016 \u0433\u043e\u0434\u0430 (\u043d\u0430 \u0430\u043d\u0433\u043b\u0438\u0439\u0441\u043a\u043e\u043c \u044f\u0437\u044b\u043a\u0435)<\/div><div class=\"su-spoiler-content su-u-clearfix su-u-trim\">\n<ol>\n<li><a href=\"http:\/\/nwrmp.water.gov.kg\/wp-content\/uploads\/2017\/08\/17-Goals.pdf\" target=\"_blank\" rel=\"noopener noreferrer\">17 Goals. Introducing the SDGs The Sustainable Development Goals<\/a><\/li>\n<li><a href=\"http:\/\/nwrmp.water.gov.kg\/wp-content\/uploads\/2017\/08\/Douglas-Cripe-Public-Health-Surveillance-Group-on-Earth-Observations-GEO.pdf\" target=\"_blank\" rel=\"noopener noreferrer\">Public Health Surveillance Group on Earth Observations (GEO) | Douglas Cripe GEO Secretariat<\/a><\/li>\n<li><a href=\"http:\/\/nwrmp.water.gov.kg\/wp-content\/uploads\/2017\/08\/GEO_Strategic_Plan_2016_2025_Implementing_GEOSS.pdf\" target=\"_blank\" rel=\"noopener noreferrer\">GEO Strategic Plan 2016-2025: Implementing GEOSS  <\/a><\/li>\n<li><a href=\"http:\/\/nwrmp.water.gov.kg\/wp-content\/uploads\/2017\/08\/Introduction-to-the-Sustainable-Development-Goals.pdf\" target=\"_blank\" rel=\"noopener noreferrer\">CEU SUN 2016Introduction to the Sustainable Development Goals | Lorant Czaran &#8211; Programme Officer, United Nations Office for Outer Space Affairs<\/a><\/li>\n<li><a href=\"http:\/\/nwrmp.water.gov.kg\/wp-content\/uploads\/2017\/08\/OOSA-Introduction-and-the-Programme-on-Space-Applications.pdf\" target=\"_blank\" rel=\"noopener noreferrer\">OOSA Introduction and the Programme on Space Applications | Lorant Czaran Programme Officer, United Nations Office for Outer Space Affairs<\/a><\/li>\n<li><a href=\"http:\/\/nwrmp.water.gov.kg\/wp-content\/uploads\/2017\/08\/UN-Sustainable-Development-Summit.pdf\" target=\"_blank\" rel=\"noopener noreferrer\">UN Sustainable Development Summit<\/a><\/li>\n<\/div><\/div>\n<div class=\"su-spoiler su-spoiler-style-fancy su-spoiler-icon-arrow-circle-2 su-spoiler-closed\" data-scroll-offset=\"0\" data-anchor-in-url=\"no\"><div class=\"su-spoiler-title\" tabindex=\"0\" role=\"button\"><span class=\"su-spoiler-icon\"><\/span>5 \u0438\u044e\u043b\u044f 2016 \u0433\u043e\u0434\u0430 (\u043d\u0430 \u0430\u043d\u0433\u043b\u0438\u0439\u0441\u043a\u043e\u043c \u044f\u0437\u044b\u043a\u0435)<\/div><div class=\"su-spoiler-content su-u-clearfix su-u-trim\">\n<ol>\n<li><a href=\"http:\/\/nwrmp.water.gov.kg\/wp-content\/uploads\/2017\/08\/1-Introduction.pdf\" target=\"_blank\" rel=\"noopener noreferrer\">An introduction to remote sensing of the environment. Knowledge for Sustainable Development and Food Security Unit Directorate for Natural Resources | Dr. Alan Belward &#8211; European Commission Joint Research Centre<\/a><\/li>\n<li><a href=\"http:\/\/nwrmp.water.gov.kg\/wp-content\/uploads\/2017\/08\/2-Physics.pdf\" target=\"_blank\" rel=\"noopener noreferrer\">Remote sensing; the Physical basis. Knowledge for Sustainable Development and Food Security Unit Directorate for Natural Resources | Dr. Alan Belward &#8211; European Commission Joint Research Centre<\/a><\/li>\n<li><a href=\"http:\/\/nwrmp.water.gov.kg\/wp-content\/uploads\/2017\/08\/3-Fundamentals.pdf\" target=\"_blank\" rel=\"noopener noreferrer\">Spectral reflectance characteristics (Plants, Soil, Water). Knowledge for Sustainable Development and Food Security Unit Directorate for Natural Resources | Dr. Alan Belward &#8211; European Commission Joint Research Centre<\/a><\/li>\n<li><a href=\"http:\/\/nwrmp.water.gov.kg\/wp-content\/uploads\/2017\/08\/4-Platforms-and-systems.pdf\"  target=\"_blank\" rel=\"noopener noreferrer\">Platforms and systems. Land Resource Management Unit Institute for Environment and Sustainability | Dr. Alan Belward &#8211; European Commission Joint Research Centre<\/a><\/li>\n<li><a href=\"http:\/\/nwrmp.water.gov.kg\/wp-content\/uploads\/2017\/08\/5-Aquiring-data.pdf\"  target=\"_blank\" rel=\"noopener noreferrer\">Where can I find more information and data?. Knowledge for Sustainable Development and Food Security Unit Directorate for Natural Resources | Dr. Alan Belward &#8211; European Commission Joint Research Centre<\/a><\/li>\n<li><a href=\"http:\/\/nwrmp.water.gov.kg\/wp-content\/uploads\/2017\/08\/Esri_CEU-July-2016_1-Introduction-GIS.pdf\" target=\"_blank\" rel=\"noopener noreferrer\">Esri_CEU July 2016_1 Introduction GIS| Martin Engels Account Executive <\/a><\/li>\n<li><a href=\"http:\/\/nwrmp.water.gov.kg\/wp-content\/uploads\/2017\/08\/Esri_CEU-July-2016_2-Esri-ArcGIS.pdf\" target=\"_blank\" rel=\"noopener noreferrer\">Esri_CEU July 2016_2 Esri ArcGIS | Martin Engels Account Executive  <\/a><\/li>\n<li><a href=\"http:\/\/nwrmp.water.gov.kg\/wp-content\/uploads\/2017\/08\/Esri_CEU-July-2016_3-Esri-SDGs.pdf\" target=\"_blank\" rel=\"noopener noreferrer\">Esri_CEU July 2016_3 Esri SDGs | Martin Engels Account Executive  <\/a><\/li>\n<\/ol>\n<\/div><\/div>\n<div class=\"su-spoiler su-spoiler-style-fancy su-spoiler-icon-arrow-circle-2 su-spoiler-closed\" data-scroll-offset=\"0\" data-anchor-in-url=\"no\"><div class=\"su-spoiler-title\" tabindex=\"0\" role=\"button\"><span class=\"su-spoiler-icon\"><\/span>6 \u0438\u044e\u043b\u044f 2016 \u0433\u043e\u0434\u0430 (\u043d\u0430 \u0430\u043d\u0433\u043b\u0438\u0439\u0441\u043a\u043e\u043c \u044f\u0437\u044b\u043a\u0435)<\/div><div class=\"su-spoiler-content su-u-clearfix su-u-trim\">\n<ol>\n<li><a href=\"http:\/\/nwrmp.water.gov.kg\/wp-content\/uploads\/2017\/08\/Know-SDGs.pdf\" target=\"_blank\" rel=\"noopener noreferrer\">Building a knowledge base for the SDGs | Dr. Alan Belward, Knowledge for Sustainable Development and Food Security Unit European Commission, Joint Research Centre, Directorate for Natural Resources<\/a><\/li>\n<li><a href=\"http:\/\/nwrmp.water.gov.kg\/wp-content\/uploads\/2017\/08\/SDG-2.pdf\" target=\"_blank\" rel=\"noopener noreferrer\">SDG 2: End hunger, achieve food security and improved nutrition and promote sustainable agriculture | Dr. Alan Belward, Knowledge for Sustainable Development and Food Security Unit European Commission, Joint Research Centre, Directorate for Natural Resources<\/a><\/li>\n<li><a href=\"http:\/\/nwrmp.water.gov.kg\/wp-content\/uploads\/2017\/08\/SDG-6.pdf\" target=\"_blank\" rel=\"noopener noreferrer\">SSDG 6: Ensure availability and sustainable management of water and sanitation for all | Dr. Alan Belward, Knowledge for Sustainable Development and Food Security Unit European Commission, Joint Research Centre, Directorate for Natural Resource <\/a><\/li>\n<li><a href=\"http:\/\/nwrmp.water.gov.kg\/wp-content\/uploads\/2017\/08\/SDG-11.pdf\" target=\"_blank\" rel=\"noopener noreferrer\">SDG 11 Make cities and human settlements inclusive, safe, resilient and sustainable<\/a><\/li>\n<li><a href=\"http:\/\/nwrmp.water.gov.kg\/wp-content\/uploads\/2017\/08\/SDG-13.pdf\" target=\"_blank\" rel=\"noopener noreferrer\">SDG 13 Take urgent action to combat climate change and its impacts<\/a><\/li>\n<li><a href=\"http:\/\/nwrmp.water.gov.kg\/wp-content\/uploads\/2017\/08\/SDG-14.pdf\" target=\"_blank\" rel=\"noopener noreferrer\">SDG 14 Conserve and sustainably use the oceans, seas and marine resources for sustainable development<\/a><\/li>\n<li><a href=\"http:\/\/nwrmp.water.gov.kg\/wp-content\/uploads\/2017\/08\/SDG-15-biodiversity.pdf\" target=\"_blank\" rel=\"noopener noreferrer\">SDG 15: Halt biodiversity loss<\/a><\/li>\n<li><a href=\"http:\/\/nwrmp.water.gov.kg\/wp-content\/uploads\/2017\/08\/SDG-15-degradation.pdf\" target=\"_blank\" rel=\"noopener noreferrer\">SDG 15: combat desertification, and halt and reverse land degradation<\/a><\/li>\n<li><a href=\"http:\/\/nwrmp.water.gov.kg\/wp-content\/uploads\/2017\/08\/SDG-15-forest.pdf\" target=\"_blank\" rel=\"noopener noreferrer\">SDG 15: sustainably manage forests<\/a><\/li>\n<li><a href=\"http:\/\/nwrmp.water.gov.kg\/wp-content\/uploads\/2017\/08\/SDG-15-overview.pdf\" target=\"_blank\" rel=\"noopener noreferrer\">SDG 15: Protect, restore and promote sustainable use of terrestrial ecosystems, sustainably manage forests, combat desertification, and halt and reverse land degradation and halt biodiversity loss<\/a><\/li>\n<li><a href=\"http:\/\/nwrmp.water.gov.kg\/wp-content\/uploads\/2017\/08\/WebGIS-Workshop-CEU-2016.pdf\" target=\"_blank\" rel=\"noopener noreferrer\">WebGIS Workshop CEU 2016<\/a><\/li>\n<\/ol>\n<\/div><\/div>\n<div class=\"su-spoiler su-spoiler-style-fancy su-spoiler-icon-arrow-circle-2 su-spoiler-closed\" data-scroll-offset=\"0\" data-anchor-in-url=\"no\"><div class=\"su-spoiler-title\" tabindex=\"0\" role=\"button\"><span class=\"su-spoiler-icon\"><\/span>7 \u0438\u044e\u043b\u044f 2016 \u0433\u043e\u0434\u0430 (\u043d\u0430 \u0430\u043d\u0433\u043b\u0438\u0439\u0441\u043a\u043e\u043c \u044f\u0437\u044b\u043a\u0435)<\/div><div class=\"su-spoiler-content su-u-clearfix su-u-trim\">\n<ol>\n<li><a href=\"http:\/\/nwrmp.water.gov.kg\/wp-content\/uploads\/2017\/08\/Introduction-to-QGIS.pdf\" target=\"_blank\" rel=\"noopener noreferrer\">OPEN SOLUTIONS FOR SDG MONITORING:INTRODUCTION TO QGIS | Dr. Istv\u00e1n Waltner1, J\u00e1nos Gr\u00f3sz1, Dr. Zolt\u00e1n Vekerdy<\/a><\/li>\n<li><a href=\"http:\/\/nwrmp.water.gov.kg\/wp-content\/uploads\/2017\/08\/Introduction-to-QGIS_exercise.pdf\" target=\"_blank\" rel=\"noopener noreferrer\">Open solutions for SDG monitoring:Introduction to Quantum GIS (exercise) | Dr. Istv\u00e1n Waltner1, J\u00e1nos Gr\u00f3sz1, Dr. Zolt\u00e1n Vekerdy<\/a><\/li>\n<li><a href=\"http:\/\/nwrmp.water.gov.kg\/wp-content\/uploads\/2017\/08\/Introduction-to-Uromiyeh-case.pdf\" target=\"_blank\" rel=\"noopener noreferrer\">Open solutions for SDG monitoring:Introduction to Quantum GIS (the case study) | Dr. Istv\u00e1n Waltner1, J\u00e1nos Gr\u00f3sz1, Dr. Zolt\u00e1n Vekerdy<\/a><\/li>\n<li><a href=\"http:\/\/nwrmp.water.gov.kg\/wp-content\/uploads\/2017\/08\/Open-solutions-for-SDG-monitoring_Case-studies-in-SDG-related-topics.pdf\" target=\"_blank\" rel=\"noopener noreferrer\">Open solutions for SDG monitoring_Case studies in SDG-related topics<\/a><\/li>\n<li><a href=\"http:\/\/nwrmp.water.gov.kg\/wp-content\/uploads\/2017\/08\/2016_CEU_GHSL_general-comments-missingGHSPOP2.pdf\" target=\"_blank\" rel=\"noopener noreferrer\">GLOBAL HUMAN SETTLEMENT LAYER IDEA, CONCEPT AND METHODOLOGY<\/a><\/li>\n<li><a href=\"http:\/\/nwrmp.water.gov.kg\/wp-content\/uploads\/2017\/08\/2016_CEU_GHSL_SDGs.pdf\" target=\"_blank\" rel=\"noopener noreferrer\">GLOBAL HUMAN SETTLEMENT LAYER : INFORMATION SUPPORT FOR THE SDGS<\/a><\/li>\n<li><a href=\"http:\/\/nwrmp.water.gov.kg\/wp-content\/uploads\/2017\/08\/2016_CEU_GHSL_SML.pdf\" target=\"_blank\" rel=\"noopener noreferrer\">SYMBOLIC MACHINE LEARNING:extracting information on human settlements<\/a><\/li>\n<li><a href=\"http:\/\/nwrmp.water.gov.kg\/wp-content\/uploads\/2017\/08\/LandsatGHS_report_2016_final_online.pdf\" target=\"_blank\" rel=\"noopener noreferrer\">Operating procedure for the production of the Global Human Settlement Layer from Landsat data of the epochs 1975, 1990, 2000, and 2014<\/a><\/li>\n<li><a href=\"http:\/\/nwrmp.water.gov.kg\/wp-content\/uploads\/2017\/08\/remotesensing-08-00299.pdf\" target=\"_blank\" rel=\"noopener noreferrer\">Assessment of the Added-Value of Sentinel-2 for Detecting Built-up Areas<\/a><\/li>\n<li><a href=\"http:\/\/nwrmp.water.gov.kg\/wp-content\/uploads\/2017\/08\/remotesensing-08-00399.pdf\" target=\"_blank\" rel=\"noopener noreferrer\">A New Method for Earth Observation Data Analytics Based on Symbolic Machine Learning<\/a><\/li>\n<\/ol>\n<\/div><\/div>\n<div class=\"su-spoiler su-spoiler-style-fancy su-spoiler-icon-arrow-circle-2 su-spoiler-closed\" data-scroll-offset=\"0\" data-anchor-in-url=\"no\"><div class=\"su-spoiler-title\" tabindex=\"0\" role=\"button\"><span class=\"su-spoiler-icon\"><\/span>8 \u0438\u044e\u043b\u044f 2016 \u0433\u043e\u0434\u0430 (\u043d\u0430 \u0430\u043d\u0433\u043b\u0438\u0439\u0441\u043a\u043e\u043c \u044f\u0437\u044b\u043a\u0435)<\/div><div class=\"su-spoiler-content su-u-clearfix su-u-trim\">\n<ol>\n<li><a href=\"http:\/\/nwrmp.water.gov.kg\/wp-content\/uploads\/2017\/08\/Zoltan-Vekerdy-ITCSIU-Open-solutions-for-SDG-monitoring-THE-AFRICAN-TIGER.pdf\" target=\"_blank\" rel=\"noopener noreferrer\">OPEN SOLUTIONS FOR SDG MONITORING:THE AFRICAN TIGER | Dr. Zolt\u00e1n Vekerdy<\/a><\/li>\n<li><a href=\"http:\/\/nwrmp.water.gov.kg\/wp-content\/uploads\/2017\/08\/Zsuzsa-Gabor-CEU-European-Funding-for-Research-and-Cooperation.pdf\" target=\"_blank\" rel=\"noopener noreferrer\">European Funding for Research and Cooperation | Academic Cooperation and Research Support Office Zsuzsa Gabor<\/a><\/li>\n<\/ol>\n<\/div><\/div>\n","protected":false},"excerpt":{"rendered":"","protected":false},"author":1,"featured_media":0,"parent":0,"menu_order":0,"comment_status":"closed","ping_status":"closed","template":"","meta":[],"_links":{"self":[{"href":"https:\/\/nwrmp.water.gov.kg?lang=ru_RU%2Findex.php&rest_route=\/wp\/v2\/pages\/4538"}],"collection":[{"href":"https:\/\/nwrmp.water.gov.kg?lang=ru_RU%2Findex.php&rest_route=\/wp\/v2\/pages"}],"about":[{"href":"https:\/\/nwrmp.water.gov.kg?lang=ru_RU%2Findex.php&rest_route=\/wp\/v2\/types\/page"}],"author":[{"embeddable":true,"href":"https:\/\/nwrmp.water.gov.kg?lang=ru_RU%2Findex.php&rest_route=\/wp\/v2\/users\/1"}],"replies":[{"embeddable":true,"href":"https:\/\/nwrmp.water.gov.kg?lang=ru_RU%2Findex.php&rest_route=%2Fwp%2Fv2%2Fcomments&post=4538"}],"version-history":[{"count":37,"href":"https:\/\/nwrmp.water.gov.kg?lang=ru_RU%2Findex.php&rest_route=\/wp\/v2\/pages\/4538\/revisions"}],"predecessor-version":[{"id":6060,"href":"https:\/\/nwrmp.water.gov.kg?lang=ru_RU%2Findex.php&rest_route=\/wp\/v2\/pages\/4538\/revisions\/6060"}],"wp:attachment":[{"href":"https:\/\/nwrmp.water.gov.kg?lang=ru_RU%2Findex.php&rest_route=%2Fwp%2Fv2%2Fmedia&parent=4538"}],"curies":[{"name":"wp","href":"https:\/\/api.w.org\/{rel}","templated":true}]}}